{"id":37182,"date":"2025-07-04T09:22:46","date_gmt":"2025-07-04T07:22:46","guid":{"rendered":"https:\/\/iasagora.com\/loreal\/"},"modified":"2026-04-16T12:29:51","modified_gmt":"2026-04-16T10:29:51","slug":"loreal","status":"publish","type":"page","link":"https:\/\/iasagora.com\/en\/loreal\/","title":{"rendered":"L&#8217;Or\u00e9al: Team Building &amp; Shared Vision"},"content":{"rendered":"\t\t<div data-elementor-type=\"wp-page\" data-elementor-id=\"37182\" class=\"elementor elementor-37182 elementor-35616\" data-elementor-post-type=\"page\">\n\t\t\t\t<div data-particle_enable=\"false\" data-particle-mobile-disabled=\"false\" class=\"elementor-element elementor-element-31848ddb e-flex e-con-boxed e-con e-parent\" data-id=\"31848ddb\" data-element_type=\"container\" data-e-type=\"container\" data-settings=\"{&quot;background_background&quot;:&quot;classic&quot;,&quot;background_motion_fx_motion_fx_scrolling&quot;:&quot;yes&quot;,&quot;background_motion_fx_scale_effect&quot;:&quot;yes&quot;,&quot;background_motion_fx_scale_speed&quot;:{&quot;unit&quot;:&quot;px&quot;,&quot;size&quot;:2,&quot;sizes&quot;:[]},&quot;background_motion_fx_scale_range&quot;:{&quot;unit&quot;:&quot;%&quot;,&quot;size&quot;:&quot;&quot;,&quot;sizes&quot;:{&quot;start&quot;:10,&quot;end&quot;:100}},&quot;background_motion_fx_scale_direction&quot;:&quot;out-in&quot;,&quot;background_motion_fx_devices&quot;:[&quot;desktop&quot;,&quot;tablet&quot;,&quot;mobile&quot;]}\">\n\t\t\t\t\t<div class=\"e-con-inner\">\n\t\t\t\t<div class=\"elementor-element elementor-element-2729df73 animated-slow exad-sticky-section-no exad-glass-effect-no elementor-widget elementor-widget-heading\" data-id=\"2729df73\" data-element_type=\"widget\" data-e-type=\"widget\" data-settings=\"{&quot;_animation&quot;:&quot;none&quot;,&quot;_animation_delay&quot;:8}\" data-widget_type=\"heading.default\">\n\t\t\t\t<div class=\"elementor-widget-container\">\n\t\t\t\t\t<h1 class=\"elementor-heading-title elementor-size-default\">L'Or\u00e9al<\/h1>\t\t\t\t<\/div>\n\t\t\t\t<\/div>\n\t\t\t\t\t<\/div>\n\t\t\t\t<\/div>\n\t\t<div data-particle_enable=\"false\" data-particle-mobile-disabled=\"false\" class=\"elementor-element elementor-element-905ecb6 e-con-full e-flex e-con e-parent\" data-id=\"905ecb6\" data-element_type=\"container\" data-e-type=\"container\" data-settings=\"{&quot;motion_fx_motion_fx_scrolling&quot;:&quot;yes&quot;,&quot;motion_fx_translateY_effect&quot;:&quot;yes&quot;,&quot;motion_fx_translateY_speed&quot;:{&quot;unit&quot;:&quot;px&quot;,&quot;size&quot;:0.6,&quot;sizes&quot;:[]},&quot;motion_fx_range&quot;:&quot;viewport&quot;,&quot;background_background&quot;:&quot;classic&quot;,&quot;motion_fx_translateY_affectedRange&quot;:{&quot;unit&quot;:&quot;%&quot;,&quot;size&quot;:&quot;&quot;,&quot;sizes&quot;:{&quot;start&quot;:0,&quot;end&quot;:100}},&quot;motion_fx_devices&quot;:[&quot;desktop&quot;,&quot;tablet&quot;,&quot;mobile&quot;]}\">\n\t\t\t\t<div class=\"elementor-element elementor-element-c2a49c2 exad-sticky-section-no exad-glass-effect-no elementor-widget elementor-widget-image\" data-id=\"c2a49c2\" data-element_type=\"widget\" data-e-type=\"widget\" data-widget_type=\"image.default\">\n\t\t\t\t<div class=\"elementor-widget-container\">\n\t\t\t\t\t\t\t\t\t\t\t\t\t\t\t<img decoding=\"async\" width=\"720\" height=\"56\" src=\"https:\/\/iasagora.com\/wp-content\/uploads\/2025\/06\/dechirure-de-papier-bordure-haute-iasagora-720x56.png\" class=\"attachment-large size-large wp-image-33674\" alt=\"iasagora high border paper tear-off\" srcset=\"https:\/\/iasagora.com\/wp-content\/uploads\/2025\/06\/dechirure-de-papier-bordure-haute-iasagora-720x56.png 720w, https:\/\/iasagora.com\/wp-content\/uploads\/2025\/06\/dechirure-de-papier-bordure-haute-iasagora-384x30.png 384w, https:\/\/iasagora.com\/wp-content\/uploads\/2025\/06\/dechirure-de-papier-bordure-haute-iasagora-150x12.png 150w, https:\/\/iasagora.com\/wp-content\/uploads\/2025\/06\/dechirure-de-papier-bordure-haute-iasagora-768x60.png 768w, https:\/\/iasagora.com\/wp-content\/uploads\/2025\/06\/dechirure-de-papier-bordure-haute-iasagora-1536x120.png 1536w, https:\/\/iasagora.com\/wp-content\/uploads\/2025\/06\/dechirure-de-papier-bordure-haute-iasagora-2048x161.png 2048w\" sizes=\"(max-width: 720px) 100vw, 720px\" \/>\t\t\t\t\t\t\t\t\t\t\t\t\t\t\t<\/div>\n\t\t\t\t<\/div>\n\t\t<div data-particle_enable=\"false\" data-particle-mobile-disabled=\"false\" class=\"elementor-element elementor-element-6b9bc787 e-flex e-con-boxed e-con e-child\" data-id=\"6b9bc787\" data-element_type=\"container\" data-e-type=\"container\">\n\t\t\t\t\t<div class=\"e-con-inner\">\n\t\t\t\t<div class=\"elementor-element elementor-element-520c54b9 exad-sticky-section-no exad-glass-effect-no elementor-widget elementor-widget-image\" data-id=\"520c54b9\" data-element_type=\"widget\" data-e-type=\"widget\" data-widget_type=\"image.default\">\n\t\t\t\t<div class=\"elementor-widget-container\">\n\t\t\t\t\t\t\t\t\t\t\t\t\t\t\t<img decoding=\"async\" src=\"https:\/\/iasagora.com\/wp-content\/uploads\/2023\/04\/LOREAL.png\" title=\"\" alt=\"\" loading=\"lazy\" \/>\t\t\t\t\t\t\t\t\t\t\t\t\t\t\t<\/div>\n\t\t\t\t<\/div>\n\t\t\t\t<div class=\"elementor-element elementor-element-51dc33f5 exad-sticky-section-no exad-glass-effect-no elementor-widget elementor-widget-text-editor\" data-id=\"51dc33f5\" data-element_type=\"widget\" data-e-type=\"widget\" data-widget_type=\"text-editor.default\">\n\t\t\t\t<div class=\"elementor-widget-container\">\n\t\t\t\t\t\t\t\t\t<h6>Issues :<\/h6><p>How can we awaken collective enthusiasm by recognizing the value of each individual?<\/p>\t\t\t\t\t\t\t\t<\/div>\n\t\t\t\t<\/div>\n\t\t\t\t<div class=\"elementor-element elementor-element-4043467b exad-sticky-section-no exad-glass-effect-no elementor-widget elementor-widget-text-editor\" data-id=\"4043467b\" data-element_type=\"widget\" data-e-type=\"widget\" data-widget_type=\"text-editor.default\">\n\t\t\t\t<div class=\"elementor-widget-container\">\n\t\t\t\t\t\t\t\t\t<h6>Accompaniment :<\/h6><p>An intervention consisting of a preparatory session with the Copil, followed by a day of team building built around three highlights: a workshop on Foursight creative profiles in the morning, an experiential lunch and an Appreciative Inquiry workshop in the afternoon, based on the results of the internal climate survey.<\/p>\t\t\t\t\t\t\t\t<\/div>\n\t\t\t\t<\/div>\n\t\t\t\t<div class=\"elementor-element elementor-element-7bb634f4 exad-sticky-section-no exad-glass-effect-no elementor-widget elementor-widget-text-editor\" data-id=\"7bb634f4\" data-element_type=\"widget\" data-e-type=\"widget\" data-widget_type=\"text-editor.default\">\n\t\t\t\t<div class=\"elementor-widget-container\">\n\t\t\t\t\t\t\t\t\t<h6>Impact:<\/h6><p>&#8211; Identification of each person&#8217;s Foursight profile, to understand differences in functioning and needs, and maximize interaction and collaboration<br>&#8211; Construction of a shared vision of the future and concrete change projects, to optimize individual and collective experience<br>&#8211; Ludo-creative embodiment of aspirations, through a team avatar and a haiku<\/p>\t\t\t\t\t\t\t\t<\/div>\n\t\t\t\t<\/div>\n\t\t\t\t<div class=\"elementor-element elementor-element-6b215fb2 elementor-align-right exad-sticky-section-no exad-glass-effect-no elementor-widget elementor-widget-global elementor-global-33715 elementor-widget-button\" data-id=\"6b215fb2\" data-element_type=\"widget\" data-e-type=\"widget\" data-widget_type=\"button.default\">\n\t\t\t\t<div class=\"elementor-widget-container\">\n\t\t\t\t\t\t\t\t\t<div class=\"elementor-button-wrapper\">\n\t\t\t\t\t<a class=\"elementor-button elementor-button-link elementor-size-sm elementor-animation-grow\" href=\"https:\/\/iasagora.com\/nos-metiers\/\">\n\t\t\t\t\t\t<span class=\"elementor-button-content-wrapper\">\n\t\t\t\t\t\t\t\t\t<span class=\"elementor-button-text\">D\u00e9couvrir tous nos m\u00e9tiers<\/span>\n\t\t\t\t\t<\/span>\n\t\t\t\t\t<\/a>\n\t\t\t\t<\/div>\n\t\t\t\t\t\t\t\t<\/div>\n\t\t\t\t<\/div>\n\t\t\t\t\t<\/div>\n\t\t\t\t<\/div>\n\t\t\t\t<\/div>\n\t\t<div data-particle_enable=\"false\" data-particle-mobile-disabled=\"false\" class=\"elementor-element elementor-element-7671a888 e-flex e-con-boxed e-con e-parent\" data-id=\"7671a888\" data-element_type=\"container\" data-e-type=\"container\">\n\t\t\t\t\t<div class=\"e-con-inner\">\n\t\t\t\t<div class=\"elementor-element elementor-element-11c1ff3f exad-sticky-section-no exad-glass-effect-no elementor-widget elementor-widget-exad-exclusive-accordion\" data-id=\"11c1ff3f\" data-element_type=\"widget\" data-e-type=\"widget\" data-widget_type=\"exad-exclusive-accordion.default\">\n\t\t\t\t<div class=\"elementor-widget-container\">\n\t\t\t\t\t    \r\n        <div class=\"exad-accordion-items\">\r\n        \t\r\n                <div class=\"exad-accordion-single-item elementor-repeater-item-f0bbab1\">\r\n                    <div class=\"exad-accordion-title\">\r\n\r\n\t\t\t\t\t\t\t\t\t\t\t\t\t<span class=\"exad-tab-title-icon\">\r\n\t\t\t\t\t\t\t\t<i aria-hidden=\"true\" class=\"feather icon-plus\"><\/i>\t\t\t\t\t\t\t<\/span>\r\n\t\t\t\t\t\t\r\n                        <h3 class=\"exad-accordion-heading\">\r\n\t\t\t\t\t\t\r\n\t\t\t\t\t\t\tEXPLORE THE PROJECT\t\t\t\t\t\t\t\r\n\t\t\t\t\t\t<\/h3>\r\n\r\n                                            <\/div>\r\n\r\n                    <div class=\"exad-accordion-content\">\r\n                        <div class=\"exad-accordion-content-wrapper has-image-no image-position-right\">\r\n                            <div class=\"exad-accordion-text\">\r\n                                <div> <h3>L'Or\u00e9al: Innovation at the Heart of Beauty<\/h3><p>When a company declares that \"research is the very heart of the company,\" and backs it up with over a century of scientific breakthroughs, you know you are dealing with a different kind of organization. L'Or\u00e9al, the world's largest beauty company, has made innovation its defining characteristic and at iasagora, we have had the privilege of accompanying several teams within the group on creative and strategic innovation missions.<br \/><br \/><\/p><h4>A Culture of Perpetual Invention<\/h4><p>Founded in 1909 by chemist Eug\u00e8ne Schueller with a single hair dye formula, L'Or\u00e9al has grown into a portfolio of 36 international brands spanning mass market, luxury, professional, and dermocosmetics. What is remarkable is not just the scale but the consistency of the innovation engine. With over 4,000 researchers, 500+ patents filed annually, and 21 research centers worldwide, L'Or\u00e9al invests more in R&amp;D than any other beauty company.<\/p><p>But L'Or\u00e9al's innovation goes far beyond the laboratory. The company has been a pioneer in what we might call \"innovation augmented by technology\" beauty tech. From ModiFace's virtual try-on powered by augmented reality to AI-driven personalized skincare diagnostics, L'Or\u00e9al has embraced digital tools not as marketing gimmicks but as genuine extensions of the consumer experience.<br \/><br \/><\/p><h4>Where Creativity Meets Consumer Empathy<\/h4><p>At iasagora, our work with L'Or\u00e9al teams has reinforced a conviction we hold dear: the best beauty innovations are born at the intersection of scientific rigor, creative audacity, and deep consumer empathy. The beauty industry is uniquely personal. Consumers do not just buy a product they buy a promise about how they will look, feel, and present themselves to the world. Understanding these emotional drivers requires more than traditional market research.<\/p><p>This is why approaches rooted in Design Thinking and sensitive creativity are so powerful in beauty. When you immerse yourself in the daily rituals of a consumer watching how she applies her skincare in the morning, understanding what makes her reach for one lipstick over another, sensing the anxiety behind a question about aging you unlock insights that no quantitative study can reveal.<\/p><p>L'Or\u00e9al's portfolio structure is itself a lesson in consumer centricity. Each brand occupies a distinct territory: L'Or\u00e9al Paris democratizes beauty, Lanc\u00f4me embodies French luxury, Kiehl's celebrates apothecary heritage, La Roche-Posay champions dermatological safety, Garnier promotes naturality. This architecture ensures that innovation is not generic but precisely calibrated to the expectations, values, and lifestyles of each consumer segment.<br \/><br \/><\/p><h4>Hackathons, Co-Creation, and Agile Innovation<\/h4><p>L'Or\u00e9al has also been a trailblazer in opening its innovation process to outside perspectives. The company's Brandstorm challenge invites students worldwide to develop marketing and innovation concepts for L'Or\u00e9al brands. Internal hackathons bring together cross-functional teams to prototype solutions in compressed timeframes.<\/p><p>These formats resonate strongly with the iasagora approach. Whether through competitive games, design sprints, or agile innovation cycles, the underlying principle is the same: diversity of perspectives, structured creative processes, rapid prototyping, and iterative learning. In a company as large and diverse as L'Or\u00e9al, these methods help break down silos and ensure that innovation benefits from the collective intelligence of the organization.<\/p><p>The group's commitment to sustainability through its \"L'Or\u00e9al for the Future\" program adds another dimension. Innovation in beauty must now account for environmental impact formulation, packaging, sourcing, and end-of-life. This constraint, far from limiting creativity, channels it toward solutions that are both desirable and responsible.<br \/><br \/><\/p><h4>Lessons from a Beauty Giant<\/h4><p>For any organization seeking to build a robust innovation culture, L'Or\u00e9al offers powerful lessons. First, that science and creativity are not opposites but natural allies. Second, that consumer empathy must be deeply woven into every stage of the innovation process. Third, that portfolio architecture matters each brand needs its own innovation identity. Fourth, that opening the process to diverse voices accelerates both quality and speed. And fifth, that sustainability is not a constraint but the next great creative frontier.<\/p><p>At iasagora, our experiences with L'Or\u00e9al teams have enriched our own practice and deepened our conviction that augmented innovation combining human sensitivity, structured creativity, and technological tools is the path to beauty innovations that truly touch, transform, and endure.<\/p><\/div>\r\n                                                            <\/div>\r\n\r\n                            \r\n                        <\/div>\r\n                    <\/div>\r\n                <\/div>\r\n                                                <\/div>\r\n\t\t\t\t\t<\/div>\n\t\t\t\t<\/div>\n\t\t\t\t\t<\/div>\n\t\t\t\t<\/div>\n\t\t\t\t<\/div>\n\t\t","protected":false},"excerpt":{"rendered":"<p>L&#8217;Or\u00e9al Issues : How can we awaken collective enthusiasm by recognizing the value of each individual? Accompaniment : An intervention consisting of a preparatory session with the Copil, followed by a day of team building built around three highlights: a workshop on Foursight creative profiles in the morning, an experiential lunch and an Appreciative Inquiry [&hellip;]<\/p>\n","protected":false},"author":20,"featured_media":35625,"parent":0,"menu_order":0,"comment_status":"closed","ping_status":"closed","template":"","meta":{"_exactmetrics_skip_tracking":false,"_exactmetrics_sitenote_active":false,"_exactmetrics_sitenote_note":"","_exactmetrics_sitenote_category":0,"footnotes":""},"folder":[],"class_list":["post-37182","page","type-page","status-publish","has-post-thumbnail","hentry"],"yoast_head":"<!-- This site is optimized with the Yoast SEO Premium plugin v27.4 (Yoast SEO v27.4) - https:\/\/yoast.com\/product\/yoast-seo-premium-wordpress\/ -->\n<title>L&#039;Or\u00e9al: Team Building &amp; Shared Vision | iasagora<\/title>\n<meta name=\"description\" content=\"Team building workshop using FourSight and Appreciative Inquiry to boost collaboration, shared vision and collective enthusiasm.\" \/>\n<meta name=\"robots\" content=\"index, follow, max-snippet:-1, max-image-preview:large, max-video-preview:-1\" \/>\n<link rel=\"canonical\" href=\"https:\/\/iasagora.com\/en\/loreal\/\" \/>\n<meta property=\"og:locale\" content=\"en_US\" \/>\n<meta property=\"og:type\" content=\"article\" \/>\n<meta property=\"og:title\" content=\"L&#039;Or\u00e9al: Team Building &amp; Shared Vision\" \/>\n<meta property=\"og:description\" content=\"Team building workshop using FourSight and Appreciative Inquiry to boost collaboration, shared vision and collective enthusiasm.\" \/>\n<meta property=\"og:url\" content=\"https:\/\/iasagora.com\/en\/loreal\/\" \/>\n<meta property=\"og:site_name\" content=\"iasagora\" \/>\n<meta property=\"article:modified_time\" content=\"2026-04-16T10:29:51+00:00\" \/>\n<meta property=\"og:image\" content=\"https:\/\/iasagora.com\/wp-content\/uploads\/2025\/07\/Real.M3.AteliersCollabCrea.Cas3_.Loreal-wild.jpg\" \/>\n\t<meta property=\"og:image:width\" content=\"1978\" \/>\n\t<meta property=\"og:image:height\" content=\"1113\" \/>\n\t<meta property=\"og:image:type\" content=\"image\/jpeg\" \/>\n<meta name=\"twitter:card\" content=\"summary_large_image\" \/>\n<meta name=\"twitter:label1\" content=\"Est. reading time\" \/>\n\t<meta name=\"twitter:data1\" content=\"4 minutes\" \/>\n<script type=\"application\/ld+json\" class=\"yoast-schema-graph\">{\"@context\":\"https:\\\/\\\/schema.org\",\"@graph\":[{\"@type\":\"WebPage\",\"@id\":\"https:\\\/\\\/iasagora.com\\\/en\\\/loreal\\\/\",\"url\":\"https:\\\/\\\/iasagora.com\\\/en\\\/loreal\\\/\",\"name\":\"L'Or\u00e9al: Team Building &amp; Shared Vision | iasagora\",\"isPartOf\":{\"@id\":\"https:\\\/\\\/iasagora.com\\\/en\\\/#website\"},\"primaryImageOfPage\":{\"@id\":\"https:\\\/\\\/iasagora.com\\\/en\\\/loreal\\\/#primaryimage\"},\"image\":{\"@id\":\"https:\\\/\\\/iasagora.com\\\/en\\\/loreal\\\/#primaryimage\"},\"thumbnailUrl\":\"https:\\\/\\\/iasagora.com\\\/wp-content\\\/uploads\\\/2025\\\/07\\\/Real.M3.AteliersCollabCrea.Cas3_.Loreal-wild.jpg\",\"datePublished\":\"2025-07-04T07:22:46+00:00\",\"dateModified\":\"2026-04-16T10:29:51+00:00\",\"description\":\"Team building workshop using FourSight and Appreciative Inquiry to boost collaboration, shared vision and collective enthusiasm.\",\"breadcrumb\":{\"@id\":\"https:\\\/\\\/iasagora.com\\\/en\\\/loreal\\\/#breadcrumb\"},\"inLanguage\":\"en-US\",\"potentialAction\":[{\"@type\":\"ReadAction\",\"target\":[\"https:\\\/\\\/iasagora.com\\\/en\\\/loreal\\\/\"]}]},{\"@type\":\"ImageObject\",\"inLanguage\":\"en-US\",\"@id\":\"https:\\\/\\\/iasagora.com\\\/en\\\/loreal\\\/#primaryimage\",\"url\":\"https:\\\/\\\/iasagora.com\\\/wp-content\\\/uploads\\\/2025\\\/07\\\/Real.M3.AteliersCollabCrea.Cas3_.Loreal-wild.jpg\",\"contentUrl\":\"https:\\\/\\\/iasagora.com\\\/wp-content\\\/uploads\\\/2025\\\/07\\\/Real.M3.AteliersCollabCrea.Cas3_.Loreal-wild.jpg\",\"width\":1978,\"height\":1113},{\"@type\":\"BreadcrumbList\",\"@id\":\"https:\\\/\\\/iasagora.com\\\/en\\\/loreal\\\/#breadcrumb\",\"itemListElement\":[{\"@type\":\"ListItem\",\"position\":1,\"name\":\"Accueil\",\"item\":\"https:\\\/\\\/iasagora.com\\\/en\\\/\"},{\"@type\":\"ListItem\",\"position\":2,\"name\":\"L&rsquo;Or\u00e9al: Team Building &amp; Shared Vision\"}]},{\"@type\":\"WebSite\",\"@id\":\"https:\\\/\\\/iasagora.com\\\/en\\\/#website\",\"url\":\"https:\\\/\\\/iasagora.com\\\/en\\\/\",\"name\":\"iasagora\",\"description\":\"\",\"publisher\":{\"@id\":\"https:\\\/\\\/iasagora.com\\\/en\\\/#organization\"},\"potentialAction\":[{\"@type\":\"SearchAction\",\"target\":{\"@type\":\"EntryPoint\",\"urlTemplate\":\"https:\\\/\\\/iasagora.com\\\/en\\\/?s={search_term_string}\"},\"query-input\":{\"@type\":\"PropertyValueSpecification\",\"valueRequired\":true,\"valueName\":\"search_term_string\"}}],\"inLanguage\":\"en-US\"},{\"@type\":\"Organization\",\"@id\":\"https:\\\/\\\/iasagora.com\\\/en\\\/#organization\",\"name\":\"iasagora\",\"url\":\"https:\\\/\\\/iasagora.com\\\/en\\\/\",\"logo\":{\"@type\":\"ImageObject\",\"inLanguage\":\"en-US\",\"@id\":\"https:\\\/\\\/iasagora.com\\\/en\\\/#\\\/schema\\\/logo\\\/image\\\/\",\"url\":\"https:\\\/\\\/iasagora.com\\\/wp-content\\\/uploads\\\/2022\\\/09\\\/NewLogo_Simple.svg\",\"contentUrl\":\"https:\\\/\\\/iasagora.com\\\/wp-content\\\/uploads\\\/2022\\\/09\\\/NewLogo_Simple.svg\",\"width\":374,\"height\":83,\"caption\":\"iasagora\"},\"image\":{\"@id\":\"https:\\\/\\\/iasagora.com\\\/en\\\/#\\\/schema\\\/logo\\\/image\\\/\"},\"sameAs\":[\"https:\\\/\\\/www.instagram.com\\\/brand_gameplay\\\/\",\"https:\\\/\\\/www.linkedin.com\\\/company\\\/iasagora\\\/mycompany\\\/\",\"https:\\\/\\\/www.youtube.com\\\/@iasagora5334\\\/\"]}]}<\/script>\n<!-- \/ Yoast SEO Premium plugin. -->","yoast_head_json":{"title":"L'Or\u00e9al: Team Building &amp; Shared Vision | iasagora","description":"Team building workshop using FourSight and Appreciative Inquiry to boost collaboration, shared vision and collective enthusiasm.","robots":{"index":"index","follow":"follow","max-snippet":"max-snippet:-1","max-image-preview":"max-image-preview:large","max-video-preview":"max-video-preview:-1"},"canonical":"https:\/\/iasagora.com\/en\/loreal\/","og_locale":"en_US","og_type":"article","og_title":"L'Or\u00e9al: Team Building &amp; Shared Vision","og_description":"Team building workshop using FourSight and Appreciative Inquiry to boost collaboration, shared vision and collective enthusiasm.","og_url":"https:\/\/iasagora.com\/en\/loreal\/","og_site_name":"iasagora","article_modified_time":"2026-04-16T10:29:51+00:00","og_image":[{"width":1978,"height":1113,"url":"https:\/\/iasagora.com\/wp-content\/uploads\/2025\/07\/Real.M3.AteliersCollabCrea.Cas3_.Loreal-wild.jpg","type":"image\/jpeg"}],"twitter_card":"summary_large_image","twitter_misc":{"Est. reading time":"4 minutes"},"schema":{"@context":"https:\/\/schema.org","@graph":[{"@type":"WebPage","@id":"https:\/\/iasagora.com\/en\/loreal\/","url":"https:\/\/iasagora.com\/en\/loreal\/","name":"L'Or\u00e9al: Team Building &amp; Shared Vision | iasagora","isPartOf":{"@id":"https:\/\/iasagora.com\/en\/#website"},"primaryImageOfPage":{"@id":"https:\/\/iasagora.com\/en\/loreal\/#primaryimage"},"image":{"@id":"https:\/\/iasagora.com\/en\/loreal\/#primaryimage"},"thumbnailUrl":"https:\/\/iasagora.com\/wp-content\/uploads\/2025\/07\/Real.M3.AteliersCollabCrea.Cas3_.Loreal-wild.jpg","datePublished":"2025-07-04T07:22:46+00:00","dateModified":"2026-04-16T10:29:51+00:00","description":"Team building workshop using FourSight and Appreciative Inquiry to boost collaboration, shared vision and collective enthusiasm.","breadcrumb":{"@id":"https:\/\/iasagora.com\/en\/loreal\/#breadcrumb"},"inLanguage":"en-US","potentialAction":[{"@type":"ReadAction","target":["https:\/\/iasagora.com\/en\/loreal\/"]}]},{"@type":"ImageObject","inLanguage":"en-US","@id":"https:\/\/iasagora.com\/en\/loreal\/#primaryimage","url":"https:\/\/iasagora.com\/wp-content\/uploads\/2025\/07\/Real.M3.AteliersCollabCrea.Cas3_.Loreal-wild.jpg","contentUrl":"https:\/\/iasagora.com\/wp-content\/uploads\/2025\/07\/Real.M3.AteliersCollabCrea.Cas3_.Loreal-wild.jpg","width":1978,"height":1113},{"@type":"BreadcrumbList","@id":"https:\/\/iasagora.com\/en\/loreal\/#breadcrumb","itemListElement":[{"@type":"ListItem","position":1,"name":"Accueil","item":"https:\/\/iasagora.com\/en\/"},{"@type":"ListItem","position":2,"name":"L&rsquo;Or\u00e9al: Team Building &amp; Shared Vision"}]},{"@type":"WebSite","@id":"https:\/\/iasagora.com\/en\/#website","url":"https:\/\/iasagora.com\/en\/","name":"iasagora","description":"","publisher":{"@id":"https:\/\/iasagora.com\/en\/#organization"},"potentialAction":[{"@type":"SearchAction","target":{"@type":"EntryPoint","urlTemplate":"https:\/\/iasagora.com\/en\/?s={search_term_string}"},"query-input":{"@type":"PropertyValueSpecification","valueRequired":true,"valueName":"search_term_string"}}],"inLanguage":"en-US"},{"@type":"Organization","@id":"https:\/\/iasagora.com\/en\/#organization","name":"iasagora","url":"https:\/\/iasagora.com\/en\/","logo":{"@type":"ImageObject","inLanguage":"en-US","@id":"https:\/\/iasagora.com\/en\/#\/schema\/logo\/image\/","url":"https:\/\/iasagora.com\/wp-content\/uploads\/2022\/09\/NewLogo_Simple.svg","contentUrl":"https:\/\/iasagora.com\/wp-content\/uploads\/2022\/09\/NewLogo_Simple.svg","width":374,"height":83,"caption":"iasagora"},"image":{"@id":"https:\/\/iasagora.com\/en\/#\/schema\/logo\/image\/"},"sameAs":["https:\/\/www.instagram.com\/brand_gameplay\/","https:\/\/www.linkedin.com\/company\/iasagora\/mycompany\/","https:\/\/www.youtube.com\/@iasagora5334\/"]}]}},"_links":{"self":[{"href":"https:\/\/iasagora.com\/en\/wp-json\/wp\/v2\/pages\/37182","targetHints":{"allow":["GET"]}}],"collection":[{"href":"https:\/\/iasagora.com\/en\/wp-json\/wp\/v2\/pages"}],"about":[{"href":"https:\/\/iasagora.com\/en\/wp-json\/wp\/v2\/types\/page"}],"author":[{"embeddable":true,"href":"https:\/\/iasagora.com\/en\/wp-json\/wp\/v2\/users\/20"}],"replies":[{"embeddable":true,"href":"https:\/\/iasagora.com\/en\/wp-json\/wp\/v2\/comments?post=37182"}],"version-history":[{"count":16,"href":"https:\/\/iasagora.com\/en\/wp-json\/wp\/v2\/pages\/37182\/revisions"}],"predecessor-version":[{"id":40327,"href":"https:\/\/iasagora.com\/en\/wp-json\/wp\/v2\/pages\/37182\/revisions\/40327"}],"wp:featuredmedia":[{"embeddable":true,"href":"https:\/\/iasagora.com\/en\/wp-json\/wp\/v2\/media\/35625"}],"wp:attachment":[{"href":"https:\/\/iasagora.com\/en\/wp-json\/wp\/v2\/media?parent=37182"}],"wp:term":[{"taxonomy":"folder","embeddable":true,"href":"https:\/\/iasagora.com\/en\/wp-json\/wp\/v2\/folder?post=37182"}],"curies":[{"name":"wp","href":"https:\/\/api.w.org\/{rel}","templated":true}]}}